{"id":34,"date":"2024-09-14T17:33:08","date_gmt":"2024-09-14T17:33:08","guid":{"rendered":"http:\/\/www.faalplezier.nl\/?page_id=34"},"modified":"2025-10-20T11:55:08","modified_gmt":"2025-10-20T11:55:08","slug":"over","status":"publish","type":"page","link":"https:\/\/www.faalplezier.nl\/en\/over\/","title":{"rendered":"About"},"content":{"rendered":"<div data-elementor-type=\"wp-page\" data-elementor-id=\"34\" class=\"elementor elementor-34\" data-elementor-post-type=\"page\">\n\t\t\t\t<div class=\"elementor-element elementor-element-508ab63 e-flex e-con-boxed e-con e-parent\" data-id=\"508ab63\" data-element_type=\"container\" data-settings=\"{&quot;background_background&quot;:&quot;classic&quot;}\">\n\t\t\t\t\t<div class=\"e-con-inner\">\n\t\t\t\t<div class=\"elementor-element elementor-element-9e6b86f elementor-widget elementor-widget-spacer\" data-id=\"9e6b86f\" data-element_type=\"widget\" data-widget_type=\"spacer.default\">\n\t\t\t\t<div class=\"elementor-widget-container\">\n\t\t\t\t\t\t\t<div class=\"elementor-spacer\">\n\t\t\t<div class=\"elementor-spacer-inner\"><\/div>\n\t\t<\/div>\n\t\t\t\t\t\t<\/div>\n\t\t\t\t<\/div>\n\t\t\t\t<div class=\"elementor-element elementor-element-cf5fb80 elementor-hidden-mobile elementor-widget elementor-widget-text-editor\" data-id=\"cf5fb80\" data-element_type=\"widget\" data-widget_type=\"text-editor.default\">\n\t\t\t\t<div class=\"elementor-widget-container\">\n\t\t\t\t\t\t\t\t\t<p>Filosofie achter de trainingen van <em><strong>Fun of Failure<\/strong><\/em><\/p>\t\t\t\t\t\t\t\t<\/div>\n\t\t\t\t<\/div>\n\t\t\t\t<div class=\"elementor-element elementor-element-4897b83 elementor-widget__width-initial elementor-widget elementor-widget-heading\" data-id=\"4897b83\" data-element_type=\"widget\" data-widget_type=\"heading.default\">\n\t\t\t\t<div class=\"elementor-widget-container\">\n\t\t\t\t\t<h1 class=\"elementor-heading-title elementor-size-default\">Over Faalplezier<\/h1>\t\t\t\t<\/div>\n\t\t\t\t<\/div>\n\t\t\t\t\t<\/div>\n\t\t\t\t<\/div>\n\t\t<div class=\"elementor-element elementor-element-cd8f79b pad-tb-m e-flex e-con-boxed e-con e-parent\" data-id=\"cd8f79b\" data-element_type=\"container\">\n\t\t\t\t\t<div class=\"e-con-inner\">\n\t\t<div class=\"elementor-element elementor-element-c461638 e-con-full e-flex e-con e-child\" data-id=\"c461638\" data-element_type=\"container\">\n\t\t\t\t<div class=\"elementor-element elementor-element-d2edcfb elementor-widget__width-initial elementor-widget elementor-widget-text-editor\" data-id=\"d2edcfb\" data-element_type=\"widget\" data-widget_type=\"text-editor.default\">\n\t\t\t\t<div class=\"elementor-widget-container\">\n\t\t\t\t\t\t\t\t\t<p><strong><em>Faalplezier trainingen en workshops<\/em> draaien om hoe we \u00a0omgaan met het onverwachte. Hoe reageren we als dingen anders gaan dan we verwachten? Als team of als individu?<\/strong><\/p><p><strong> Onze workshops en trainingen helpen je vrijer te denken, meer lef te tonen en om je meer te focussen op je doel dan op wat er allemaal fout kan gaan<\/strong><strong>. <\/strong><strong>Of het nu gaat om teams die hun samenwerking willen versterken, collega\u2019s die elkaar op een andere manier willen leren kennen, of individuen die meer durf willen ontwikkelen.<\/strong><\/p><p><strong>Hieronder zal ik met meer woorden het zelfde nog eens zeggen&#8230;<\/strong><\/p>\t\t\t\t\t\t\t\t<\/div>\n\t\t\t\t<\/div>\n\t\t\t\t<\/div>\n\t\t\t\t\t<\/div>\n\t\t\t\t<\/div>\n\t\t<div class=\"elementor-element elementor-element-9a230e1 pad-b-m e-flex e-con-boxed e-con e-parent\" data-id=\"9a230e1\" data-element_type=\"container\">\n\t\t\t\t\t<div class=\"e-con-inner\">\n\t\t<div class=\"elementor-element elementor-element-6599eb7 e-con-full e-flex e-con e-child\" data-id=\"6599eb7\" data-element_type=\"container\">\n\t\t\t\t<div class=\"elementor-element elementor-element-0adf0de elementor-widget elementor-widget-heading\" data-id=\"0adf0de\" data-element_type=\"widget\" data-widget_type=\"heading.default\">\n\t\t\t\t<div class=\"elementor-widget-container\">\n\t\t\t\t\t<h3 class=\"elementor-heading-title elementor-size-default\">Waarom falen? Falen is toch niet leuk?<\/h3>\t\t\t\t<\/div>\n\t\t\t\t<\/div>\n\t\t\t\t<div class=\"elementor-element elementor-element-d41b225 elementor-widget elementor-widget-n-accordion\" data-id=\"d41b225\" data-element_type=\"widget\" data-settings=\"{&quot;default_state&quot;:&quot;expanded&quot;,&quot;max_items_expended&quot;:&quot;one&quot;,&quot;n_accordion_animation_duration&quot;:{&quot;unit&quot;:&quot;ms&quot;,&quot;size&quot;:400,&quot;sizes&quot;:[]}}\" data-widget_type=\"nested-accordion.default\">\n\t\t\t\t<div class=\"elementor-widget-container\">\n\t\t\t\t\t\t\t<div class=\"e-n-accordion\" aria-label=\"Accordion. Open links with Enter or Space, close with Escape, and navigate with Arrow Keys\">\n\t\t\t\t\t\t<details id=\"e-n-accordion-item-2220\" class=\"e-n-accordion-item\" open>\n\t\t\t\t<summary class=\"e-n-accordion-item-title\" data-accordion-index=\"1\" tabindex=\"0\" aria-expanded=\"true\" aria-controls=\"e-n-accordion-item-2220\" >\n\t\t\t\t\t<span class='e-n-accordion-item-title-header'><div class=\"e-n-accordion-item-title-text\"> Falen kan vrolijke gevolgen hebben <\/div><\/span>\n\t\t\t\t\t\t\t<span class='e-n-accordion-item-title-icon'>\n\t\t\t<span class='e-opened' ><svg aria-hidden=\"true\" class=\"e-font-icon-svg e-fas-minus\" viewbox=\"0 0 448 512\" xmlns=\"http:\/\/www.w3.org\/2000\/svg\"><path d=\"M416 208H32c-17.67 0-32 14.33-32 32v32c0 17.67 14.33 32 32 32h384c17.67 0 32-14.33 32-32v-32c0-17.67-14.33-32-32-32z\"><\/path><\/svg><\/span>\n\t\t\t<span class='e-closed'><svg aria-hidden=\"true\" class=\"e-font-icon-svg e-fas-plus\" viewbox=\"0 0 448 512\" xmlns=\"http:\/\/www.w3.org\/2000\/svg\"><path d=\"M416 208H272V64c0-17.67-14.33-32-32-32h-32c-17.67 0-32 14.33-32 32v144H32c-17.67 0-32 14.33-32 32v32c0 17.67 14.33 32 32 32h144v144c0 17.67 14.33 32 32 32h32c17.67 0 32-14.33 32-32V304h144c17.67 0 32-14.33 32-32v-32c0-17.67-14.33-32-32-32z\"><\/path><\/svg><\/span>\n\t\t<\/span>\n\n\t\t\t\t\t\t<\/summary>\n\t\t\t\t<div role=\"region\" aria-labelledby=\"e-n-accordion-item-2220\" class=\"elementor-element elementor-element-d4c59cc e-con-full e-flex e-con e-child\" data-id=\"d4c59cc\" data-element_type=\"container\">\n\t\t\t\t<div class=\"elementor-element elementor-element-f6d3d57 elementor-widget__width-initial elementor-widget elementor-widget-text-editor\" data-id=\"f6d3d57\" data-element_type=\"widget\" data-widget_type=\"text-editor.default\">\n\t\t\t\t<div class=\"elementor-widget-container\">\n\t\t\t\t\t\t\t\t\t<p style=\"caret-color: #000000; color: #000000;\" data-start=\"143\" data-end=\"486\">Falen is tegenwoordig een hot topic. Er zijn Faalangst-coaches, rijscholen bieden extra angst-reductie-lessen (betaal wel iets meer) en veel zelfhulpboeken besteden er aandacht aan. Falen lijkt iets dat voorkomen kan worden. En tegelijkertijd moet je falen tegenwoordig accepteren, omarmen. &#8216;Zonder falen geen groei&#8217;.<\/p><p style=\"caret-color: #000000; color: #000000;\" data-start=\"143\" data-end=\"486\">Ondanks de titel, Faalplezier gaat je niet leren dat falen leuk is.<\/p><p style=\"caret-color: #000000; color: #000000;\" data-start=\"143\" data-end=\"486\">Fouten maken is voor niemand leuk. Ook niet voor mijzelf. Het liefst doe ik alles altijd goed en loopt alles zoals ik verwacht. Alleen de wereld zit zo niet in elkaar. Er gebeurd steeds wel iets dat mijn plannen doorkruist. Kleine en grotere zaken komen op mijn pad waardoor ik mijn plannen zie mislukken.\u00a0<\/p>\t\t\t\t\t\t\t\t<\/div>\n\t\t\t\t<\/div>\n\t\t\t\t<\/div>\n\t\t\t\t\t<\/details>\n\t\t\t\t\t\t<details id=\"e-n-accordion-item-2221\" class=\"e-n-accordion-item\" >\n\t\t\t\t<summary class=\"e-n-accordion-item-title\" data-accordion-index=\"2\" tabindex=\"-1\" aria-expanded=\"false\" aria-controls=\"e-n-accordion-item-2221\" >\n\t\t\t\t\t<span class='e-n-accordion-item-title-header'><div class=\"e-n-accordion-item-title-text\"> Angst \/ Lef tegenstelling <\/div><\/span>\n\t\t\t\t\t\t\t<span class='e-n-accordion-item-title-icon'>\n\t\t\t<span class='e-opened' ><svg aria-hidden=\"true\" class=\"e-font-icon-svg e-fas-minus\" viewbox=\"0 0 448 512\" xmlns=\"http:\/\/www.w3.org\/2000\/svg\"><path d=\"M416 208H32c-17.67 0-32 14.33-32 32v32c0 17.67 14.33 32 32 32h384c17.67 0 32-14.33 32-32v-32c0-17.67-14.33-32-32-32z\"><\/path><\/svg><\/span>\n\t\t\t<span class='e-closed'><svg aria-hidden=\"true\" class=\"e-font-icon-svg e-fas-plus\" viewbox=\"0 0 448 512\" xmlns=\"http:\/\/www.w3.org\/2000\/svg\"><path d=\"M416 208H272V64c0-17.67-14.33-32-32-32h-32c-17.67 0-32 14.33-32 32v144H32c-17.67 0-32 14.33-32 32v32c0 17.67 14.33 32 32 32h144v144c0 17.67 14.33 32 32 32h32c17.67 0 32-14.33 32-32V304h144c17.67 0 32-14.33 32-32v-32c0-17.67-14.33-32-32-32z\"><\/path><\/svg><\/span>\n\t\t<\/span>\n\n\t\t\t\t\t\t<\/summary>\n\t\t\t\t<div role=\"region\" aria-labelledby=\"e-n-accordion-item-2221\" class=\"elementor-element elementor-element-f2e6698 e-con-full e-flex e-con e-child\" data-id=\"f2e6698\" data-element_type=\"container\">\n\t\t\t\t<div class=\"elementor-element elementor-element-6f60cd5 elementor-widget__width-initial elementor-widget elementor-widget-text-editor\" data-id=\"6f60cd5\" data-element_type=\"widget\" data-widget_type=\"text-editor.default\">\n\t\t\t\t<div class=\"elementor-widget-container\">\n\t\t\t\t\t\t\t\t\t<p style=\"caret-color: #000000; color: #000000;\" data-start=\"143\" data-end=\"486\">Angst om te falen vergroot juist de kans dat het misgaat. Denk aan het voorbeeld van een kwetsbaar theekopje: wie het met bevende handen vastpakt, laat het sneller stuk vallen.<br \/>Of als je bang bent om in te voegen op de snelweg\u2026 is de kans dat het niet lukt groter. Deze paradox is op je werk niet anders dan thuis of in het verkeer.\u00a0<\/p><p style=\"caret-color: #000000; color: #000000;\" data-start=\"143\" data-end=\"486\">Met Lef is het risico op &#8216;falen&#8217; niet groter. De kans op goed gaan groeit wel. Nooit geschoten is immers altijd mis.<\/p>\t\t\t\t\t\t\t\t<\/div>\n\t\t\t\t<\/div>\n\t\t\t\t<\/div>\n\t\t\t\t\t<\/details>\n\t\t\t\t\t\t<details id=\"e-n-accordion-item-2222\" class=\"e-n-accordion-item\" >\n\t\t\t\t<summary class=\"e-n-accordion-item-title\" data-accordion-index=\"3\" tabindex=\"-1\" aria-expanded=\"false\" aria-controls=\"e-n-accordion-item-2222\" >\n\t\t\t\t\t<span class='e-n-accordion-item-title-header'><div class=\"e-n-accordion-item-title-text\"> Faalplezier i.p.v. Faalangst <\/div><\/span>\n\t\t\t\t\t\t\t<span class='e-n-accordion-item-title-icon'>\n\t\t\t<span class='e-opened' ><svg aria-hidden=\"true\" class=\"e-font-icon-svg e-fas-minus\" viewbox=\"0 0 448 512\" xmlns=\"http:\/\/www.w3.org\/2000\/svg\"><path d=\"M416 208H32c-17.67 0-32 14.33-32 32v32c0 17.67 14.33 32 32 32h384c17.67 0 32-14.33 32-32v-32c0-17.67-14.33-32-32-32z\"><\/path><\/svg><\/span>\n\t\t\t<span class='e-closed'><svg aria-hidden=\"true\" class=\"e-font-icon-svg e-fas-plus\" viewbox=\"0 0 448 512\" xmlns=\"http:\/\/www.w3.org\/2000\/svg\"><path d=\"M416 208H272V64c0-17.67-14.33-32-32-32h-32c-17.67 0-32 14.33-32 32v144H32c-17.67 0-32 14.33-32 32v32c0 17.67 14.33 32 32 32h144v144c0 17.67 14.33 32 32 32h32c17.67 0 32-14.33 32-32V304h144c17.67 0 32-14.33 32-32v-32c0-17.67-14.33-32-32-32z\"><\/path><\/svg><\/span>\n\t\t<\/span>\n\n\t\t\t\t\t\t<\/summary>\n\t\t\t\t<div role=\"region\" aria-labelledby=\"e-n-accordion-item-2222\" class=\"elementor-element elementor-element-1d93cfd e-con-full e-flex e-con e-child\" data-id=\"1d93cfd\" data-element_type=\"container\">\n\t\t\t\t<div class=\"elementor-element elementor-element-e09b1b1 elementor-widget__width-initial elementor-widget elementor-widget-text-editor\" data-id=\"e09b1b1\" data-element_type=\"widget\" data-widget_type=\"text-editor.default\">\n\t\t\t\t<div class=\"elementor-widget-container\">\n\t\t\t\t\t\t\t\t\t<p data-start=\"683\" data-end=\"947\">Tijdens\u00a0<em><strong>\u2018Faalplezier\u2019<\/strong><\/em>\u00a0onderzoeken we met jou en je team hoe we handelen v\u00f3\u00f3rdat we (misschien) falen. Houden we ons in (doen we voorzichtig) of banjeren we door (met bravoure)? En als het dan fout gaat, wat dan?<br \/>Klappen we dicht (blokkeren we), geven we anderen de schuld (schuiven we de verantwoordelijkheid af) of nemen we het als nieuwe realiteit en accepteren het (meebewegen met de stroom)?\u00a0<\/p><p data-start=\"683\" data-end=\"947\">Onze houding \u2018voorafgaand\u2019 aan het falen heeft dus invloed op de kans op falen.\u00a0En die houding kun je be\u00efnvloeden. D\u00e1t doen we in onze Faalplezier trainingen.<br \/>We vervangen faalangst voor faalplezier.<\/p><p>In een veilige, speelse setting leren deelnemers zich meer te richten op het n\u00fa, ze gaan samenwerken en communiceren zonder een plan, ze gaan improviseren.<\/p><p data-start=\"949\" data-end=\"1038\">Kortom: \u201cfocus op wat je w\u00e9l kunt be\u00efnvloeden, en niet op wat je niet kan be\u00efnvloeden\u201d.<\/p>\t\t\t\t\t\t\t\t<\/div>\n\t\t\t\t<\/div>\n\t\t\t\t<\/div>\n\t\t\t\t\t<\/details>\n\t\t\t\t\t\t<details id=\"e-n-accordion-item-2223\" class=\"e-n-accordion-item\" >\n\t\t\t\t<summary class=\"e-n-accordion-item-title\" data-accordion-index=\"4\" tabindex=\"-1\" aria-expanded=\"false\" aria-controls=\"e-n-accordion-item-2223\" >\n\t\t\t\t\t<span class='e-n-accordion-item-title-header'><div class=\"e-n-accordion-item-title-text\"> Aan-leren door iets af-te-leren <\/div><\/span>\n\t\t\t\t\t\t\t<span class='e-n-accordion-item-title-icon'>\n\t\t\t<span class='e-opened' ><svg aria-hidden=\"true\" class=\"e-font-icon-svg e-fas-minus\" viewbox=\"0 0 448 512\" xmlns=\"http:\/\/www.w3.org\/2000\/svg\"><path d=\"M416 208H32c-17.67 0-32 14.33-32 32v32c0 17.67 14.33 32 32 32h384c17.67 0 32-14.33 32-32v-32c0-17.67-14.33-32-32-32z\"><\/path><\/svg><\/span>\n\t\t\t<span class='e-closed'><svg aria-hidden=\"true\" class=\"e-font-icon-svg e-fas-plus\" viewbox=\"0 0 448 512\" xmlns=\"http:\/\/www.w3.org\/2000\/svg\"><path d=\"M416 208H272V64c0-17.67-14.33-32-32-32h-32c-17.67 0-32 14.33-32 32v144H32c-17.67 0-32 14.33-32 32v32c0 17.67 14.33 32 32 32h144v144c0 17.67 14.33 32 32 32h32c17.67 0 32-14.33 32-32V304h144c17.67 0 32-14.33 32-32v-32c0-17.67-14.33-32-32-32z\"><\/path><\/svg><\/span>\n\t\t<\/span>\n\n\t\t\t\t\t\t<\/summary>\n\t\t\t\t<div role=\"region\" aria-labelledby=\"e-n-accordion-item-2223\" class=\"elementor-element elementor-element-97f341c e-con-full e-flex e-con e-child\" data-id=\"97f341c\" data-element_type=\"container\">\n\t\t\t\t<div class=\"elementor-element elementor-element-05f9078 elementor-widget__width-initial elementor-widget elementor-widget-text-editor\" data-id=\"05f9078\" data-element_type=\"widget\" data-widget_type=\"text-editor.default\">\n\t\t\t\t<div class=\"elementor-widget-container\">\n\t\t\t\t\t\t\t\t\t<p style=\"caret-color: #000000; color: #000000;\" data-start=\"143\" data-end=\"486\">Bij Faalplezier leer leer je iets af: de behoefte om alles perfect te willen doen. En dat doen we met veel plezier.\u00a0<\/p>\t\t\t\t\t\t\t\t<\/div>\n\t\t\t\t<\/div>\n\t\t\t\t<\/div>\n\t\t\t\t\t<\/details>\n\t\t\t\t\t\t<details id=\"e-n-accordion-item-2224\" class=\"e-n-accordion-item\" >\n\t\t\t\t<summary class=\"e-n-accordion-item-title\" data-accordion-index=\"5\" tabindex=\"-1\" aria-expanded=\"false\" aria-controls=\"e-n-accordion-item-2224\" >\n\t\t\t\t\t<span class='e-n-accordion-item-title-header'><div class=\"e-n-accordion-item-title-text\"> Hoe dan? <\/div><\/span>\n\t\t\t\t\t\t\t<span class='e-n-accordion-item-title-icon'>\n\t\t\t<span class='e-opened' ><svg aria-hidden=\"true\" class=\"e-font-icon-svg e-fas-minus\" viewbox=\"0 0 448 512\" xmlns=\"http:\/\/www.w3.org\/2000\/svg\"><path d=\"M416 208H32c-17.67 0-32 14.33-32 32v32c0 17.67 14.33 32 32 32h384c17.67 0 32-14.33 32-32v-32c0-17.67-14.33-32-32-32z\"><\/path><\/svg><\/span>\n\t\t\t<span class='e-closed'><svg aria-hidden=\"true\" class=\"e-font-icon-svg e-fas-plus\" viewbox=\"0 0 448 512\" xmlns=\"http:\/\/www.w3.org\/2000\/svg\"><path d=\"M416 208H272V64c0-17.67-14.33-32-32-32h-32c-17.67 0-32 14.33-32 32v144H32c-17.67 0-32 14.33-32 32v32c0 17.67 14.33 32 32 32h144v144c0 17.67 14.33 32 32 32h32c17.67 0 32-14.33 32-32V304h144c17.67 0 32-14.33 32-32v-32c0-17.67-14.33-32-32-32z\"><\/path><\/svg><\/span>\n\t\t<\/span>\n\n\t\t\t\t\t\t<\/summary>\n\t\t\t\t<div role=\"region\" aria-labelledby=\"e-n-accordion-item-2224\" class=\"elementor-element elementor-element-a12f1f1 e-con-full e-flex e-con e-child\" data-id=\"a12f1f1\" data-element_type=\"container\">\n\t\t\t\t<div class=\"elementor-element elementor-element-9f21b4a elementor-widget__width-initial elementor-widget elementor-widget-text-editor\" data-id=\"9f21b4a\" data-element_type=\"widget\" data-widget_type=\"text-editor.default\">\n\t\t\t\t<div class=\"elementor-widget-container\">\n\t\t\t\t\t\t\t\t\t<p data-start=\"1519\" data-end=\"1685\">Wij werken vanuit \u2018principes\u2019 van het improvisatietoneel. Op dat toneel worden scenes gespeeld zonder dat er van te voren een plan is. Acteurs stappen zonder voorbereiding het toneel op. Hun enige opdracht is om een \u2018verhaal\u2019 te spelen, vaak samen met collega\u2019s die ook al niets van te voren hebben bedacht.<\/p><p data-start=\"1519\" data-end=\"1685\">Hoe improacteurs dit doen valt te trainen. Wij maken bij Faalplezier gebruik van dezelfde oefeningen die acteurs ook doen.\u00a0<\/p>\t\t\t\t\t\t\t\t<\/div>\n\t\t\t\t<\/div>\n\t\t\t\t<\/div>\n\t\t\t\t\t<\/details>\n\t\t\t\t\t\t<details id=\"e-n-accordion-item-2225\" class=\"e-n-accordion-item\" >\n\t\t\t\t<summary class=\"e-n-accordion-item-title\" data-accordion-index=\"6\" tabindex=\"-1\" aria-expanded=\"false\" aria-controls=\"e-n-accordion-item-2225\" >\n\t\t\t\t\t<span class='e-n-accordion-item-title-header'><div class=\"e-n-accordion-item-title-text\"> Resum\u00e9 <\/div><\/span>\n\t\t\t\t\t\t\t<span class='e-n-accordion-item-title-icon'>\n\t\t\t<span class='e-opened' ><svg aria-hidden=\"true\" class=\"e-font-icon-svg e-fas-minus\" viewbox=\"0 0 448 512\" xmlns=\"http:\/\/www.w3.org\/2000\/svg\"><path d=\"M416 208H32c-17.67 0-32 14.33-32 32v32c0 17.67 14.33 32 32 32h384c17.67 0 32-14.33 32-32v-32c0-17.67-14.33-32-32-32z\"><\/path><\/svg><\/span>\n\t\t\t<span class='e-closed'><svg aria-hidden=\"true\" class=\"e-font-icon-svg e-fas-plus\" viewbox=\"0 0 448 512\" xmlns=\"http:\/\/www.w3.org\/2000\/svg\"><path d=\"M416 208H272V64c0-17.67-14.33-32-32-32h-32c-17.67 0-32 14.33-32 32v144H32c-17.67 0-32 14.33-32 32v32c0 17.67 14.33 32 32 32h144v144c0 17.67 14.33 32 32 32h32c17.67 0 32-14.33 32-32V304h144c17.67 0 32-14.33 32-32v-32c0-17.67-14.33-32-32-32z\"><\/path><\/svg><\/span>\n\t\t<\/span>\n\n\t\t\t\t\t\t<\/summary>\n\t\t\t\t<div role=\"region\" aria-labelledby=\"e-n-accordion-item-2225\" class=\"elementor-element elementor-element-4290d8f e-con-full e-flex e-con e-child\" data-id=\"4290d8f\" data-element_type=\"container\">\n\t\t\t\t<div class=\"elementor-element elementor-element-041b671 elementor-widget__width-initial elementor-widget elementor-widget-text-editor\" data-id=\"041b671\" data-element_type=\"widget\" data-widget_type=\"text-editor.default\">\n\t\t\t\t<div class=\"elementor-widget-container\">\n\t\t\t\t\t\t\t\t\t<p data-start=\"1290\" data-end=\"1374\">Falen doen we allemaal wel eens. Dat is onvermijdelijk. Hoe je je vooraf gedraagt maakt het verschil. Dit zijn de mogelijkheden:<\/p><ol data-start=\"1376\" data-end=\"1447\"><li data-start=\"1376\" data-end=\"1408\"><p data-start=\"1379\" data-end=\"1408\">Je faalt. Van te voren heb je je super druk gemaakt, bent bang geweest en je hebt lopen piekeren.<\/p><\/li><li data-start=\"1376\" data-end=\"1408\"><p data-start=\"1379\" data-end=\"1408\">Je faalt. Vooraf heb je je g\u00e9\u00e9n zorgen gemaakt, je was vol vertrouwen en je maakte plezier.<\/p><\/li><\/ol><p data-start=\"1449\" data-end=\"1517\">Het resultaat is hetzelfde, maar de tweede manier is veel prettiger.<\/p><p data-start=\"1519\" data-end=\"1685\">Soms hebben we invloed, soms niet. In plaats van weerstand te bieden aan het onvermijdelijke, kunnen we het beter accepteren, omarmen \u2013 en er zelfs plezier in vinden.<\/p><p data-start=\"1519\" data-end=\"1685\">Wat\u00a0<em><strong>Fun of Failure<\/strong><\/em>\u00a0voor jouw groep of team kan betekenen bespreek ik graag. Bel of mail me direct.<\/p>\t\t\t\t\t\t\t\t<\/div>\n\t\t\t\t<\/div>\n\t\t\t\t<\/div>\n\t\t\t\t\t<\/details>\n\t\t\t\t\t<\/div>\n\t\t\t\t\t\t<\/div>\n\t\t\t\t<\/div>\n\t\t\t\t<\/div>\n\t\t\t\t\t<\/div>\n\t\t\t\t<\/div>\n\t\t<div class=\"elementor-element elementor-element-f3b7b23 pad-b-m e-flex e-con-boxed e-con e-parent\" data-id=\"f3b7b23\" data-element_type=\"container\">\n\t\t\t\t\t<div class=\"e-con-inner\">\n\t\t<div class=\"elementor-element elementor-element-68d1c3d e-con-full e-flex e-con e-child\" data-id=\"68d1c3d\" data-element_type=\"container\">\n\t\t\t\t<div class=\"elementor-element elementor-element-0583ab3 elementor-widget elementor-widget-heading\" data-id=\"0583ab3\" data-element_type=\"widget\" data-widget_type=\"heading.default\">\n\t\t\t\t<div class=\"elementor-widget-container\">\n\t\t\t\t\t<h3 class=\"elementor-heading-title elementor-size-default\">Wie zit er achter Faalplezier?<\/h3>\t\t\t\t<\/div>\n\t\t\t\t<\/div>\n\t\t\t\t<div class=\"elementor-element elementor-element-bcc629a elementor-widget__width-initial elementor-widget elementor-widget-text-editor\" data-id=\"bcc629a\" data-element_type=\"widget\" data-widget_type=\"text-editor.default\">\n\t\t\t\t<div class=\"elementor-widget-container\">\n\t\t\t\t\t\t\t\t\t<p><em><strong>Fun of Failure<\/strong><\/em> is ruim twintig jaar geleden opgericht door <strong>Onno van Geuns<\/strong>, een ervaren improvisatie-toneel-docent en workshopleider. Wat begon als een passie voor theatersport groeide uit tot een reeks energieke en impactvolle workshops voor bedrijven, teams en particulieren. Inmiddels werken meerdere trainers en muzikanten mee om Faalplezier op maat aan te bieden voor uiteenlopende groepen en organisaties.<br \/>We hebben door heel Nederland en Belgi\u00eb mogen werken.\u00a0<br \/>Graag kom ik, met of zonder mijn collega&#8217;s, bij jullie een training of workshop geven.<\/p>\t\t\t\t\t\t\t\t<\/div>\n\t\t\t\t<\/div>\n\t\t\t\t<div class=\"elementor-element elementor-element-0f70d76 elementor-widget elementor-widget-image\" data-id=\"0f70d76\" data-element_type=\"widget\" data-widget_type=\"image.default\">\n\t\t\t\t<div class=\"elementor-widget-container\">\n\t\t\t\t\t\t\t\t\t\t\t\t\t\t\t<img fetchpriority=\"high\" decoding=\"async\" width=\"800\" height=\"688\" src=\"https:\/\/www.faalplezier.nl\/wp-content\/uploads\/2025\/04\/Onno-12-portret-1024x880.png\" class=\"attachment-large size-large wp-image-1126\" alt=\"\" srcset=\"https:\/\/www.faalplezier.nl\/wp-content\/uploads\/2025\/04\/Onno-12-portret-1024x880.png 1024w, https:\/\/www.faalplezier.nl\/wp-content\/uploads\/2025\/04\/Onno-12-portret-300x258.png 300w, https:\/\/www.faalplezier.nl\/wp-content\/uploads\/2025\/04\/Onno-12-portret-768x660.png 768w, https:\/\/www.faalplezier.nl\/wp-content\/uploads\/2025\/04\/Onno-12-portret-1536x1320.png 1536w, https:\/\/www.faalplezier.nl\/wp-content\/uploads\/2025\/04\/Onno-12-portret.png 1596w\" sizes=\"(max-width: 800px) 100vw, 800px\" \/>\t\t\t\t\t\t\t\t\t\t\t\t\t\t\t<\/div>\n\t\t\t\t<\/div>\n\t\t\t\t<div class=\"elementor-element elementor-element-658d008 elementor-widget elementor-widget-text-editor\" data-id=\"658d008\" data-element_type=\"widget\" data-widget_type=\"text-editor.default\">\n\t\t\t\t<div class=\"elementor-widget-container\">\n\t\t\t\t\t\t\t\t\t<p><em>Onno van Geuns<\/em><\/p>\t\t\t\t\t\t\t\t<\/div>\n\t\t\t\t<\/div>\n\t\t\t\t<\/div>\n\t\t\t\t\t<\/div>\n\t\t\t\t<\/div>\n\t\t<div class=\"elementor-element elementor-element-b737ca0 pad-b-m e-flex e-con-boxed e-con e-parent\" data-id=\"b737ca0\" data-element_type=\"container\">\n\t\t\t\t\t<div class=\"e-con-inner\">\n\t\t<div class=\"elementor-element elementor-element-105861e e-con-full e-flex e-con e-child\" data-id=\"105861e\" data-element_type=\"container\">\n\t\t\t\t<div class=\"elementor-element elementor-element-4bafebd elementor-widget elementor-widget-heading\" data-id=\"4bafebd\" data-element_type=\"widget\" data-widget_type=\"heading.default\">\n\t\t\t\t<div class=\"elementor-widget-container\">\n\t\t\t\t\t<h3 class=\"elementor-heading-title elementor-size-default\">Samenwerken voor maatwerk<\/h3>\t\t\t\t<\/div>\n\t\t\t\t<\/div>\n\t\t\t\t<div class=\"elementor-element elementor-element-c9f4912 elementor-widget__width-initial elementor-widget elementor-widget-text-editor\" data-id=\"c9f4912\" data-element_type=\"widget\" data-widget_type=\"text-editor.default\">\n\t\t\t\t<div class=\"elementor-widget-container\">\n\t\t\t\t\t\t\t\t\t<p>Onze kracht zit in flexibiliteit en creativiteit. We werken samen met een breed netwerk van professionals &#8211; van theatermakers en muzikanten tot trainers en kunstenaars &#8211; om unieke ervaringen te cre\u00ebren. Of het nu gaat om een kleinschalige teamtraining of een grote interactieve sessie, wij bedenken een programma dat past bij jouw wensen.<\/p>\t\t\t\t\t\t\t\t<\/div>\n\t\t\t\t<\/div>\n\t\t\t\t<\/div>\n\t\t\t\t\t<\/div>\n\t\t\t\t<\/div>\n\t\t\t\t<\/div>","protected":false},"excerpt":{"rendered":"<p>Filosofie achter de trainingen van Faalplezier Over Faalplezier Faalplezier trainingen en workshops draaien om hoe we \u00a0omgaan met het onverwachte. Hoe reageren we als dingen anders gaan dan we verwachten? Als team of als individu? Onze workshops en trainingen helpen je vrijer te denken, meer lef te tonen en om je meer te focussen op [&hellip;]<\/p>\n","protected":false},"author":1,"featured_media":0,"parent":0,"menu_order":0,"comment_status":"closed","ping_status":"closed","template":"","meta":{"_acf_changed":false,"footnotes":""},"class_list":["post-34","page","type-page","status-publish","hentry"],"acf":[],"_links":{"self":[{"href":"https:\/\/www.faalplezier.nl\/en\/wp-json\/wp\/v2\/pages\/34","targetHints":{"allow":["GET"]}}],"collection":[{"href":"https:\/\/www.faalplezier.nl\/en\/wp-json\/wp\/v2\/pages"}],"about":[{"href":"https:\/\/www.faalplezier.nl\/en\/wp-json\/wp\/v2\/types\/page"}],"author":[{"embeddable":true,"href":"https:\/\/www.faalplezier.nl\/en\/wp-json\/wp\/v2\/users\/1"}],"replies":[{"embeddable":true,"href":"https:\/\/www.faalplezier.nl\/en\/wp-json\/wp\/v2\/comments?post=34"}],"version-history":[{"count":150,"href":"https:\/\/www.faalplezier.nl\/en\/wp-json\/wp\/v2\/pages\/34\/revisions"}],"predecessor-version":[{"id":1444,"href":"https:\/\/www.faalplezier.nl\/en\/wp-json\/wp\/v2\/pages\/34\/revisions\/1444"}],"wp:attachment":[{"href":"https:\/\/www.faalplezier.nl\/en\/wp-json\/wp\/v2\/media?parent=34"}],"curies":[{"name":"wp","href":"https:\/\/api.w.org\/{rel}","templated":true}]}}